{"id":502,"date":"2024-09-18T17:36:18","date_gmt":"2024-09-18T15:36:18","guid":{"rendered":"https:\/\/charlyhayoz.ch\/?page_id=502"},"modified":"2025-09-09T17:32:53","modified_gmt":"2025-09-09T15:32:53","slug":"sitemap","status":"publish","type":"page","link":"https:\/\/charlyhayoz.ch\/en\/sitemap\/","title":{"rendered":"Site map - Complete navigation of your IA experience"},"content":{"rendered":"\t\t<div data-elementor-type=\"wp-page\" data-elementor-id=\"502\" class=\"elementor elementor-502\" data-elementor-post-type=\"page\">\n\t\t\t\t<div class=\"elementor-element elementor-element-5764351 e-flex e-con-boxed e-con e-parent\" data-id=\"5764351\" data-element_type=\"container\">\n\t\t\t\t\t<div class=\"e-con-inner\">\n\t\t<div class=\"elementor-element elementor-element-106065e e-con-full e-flex e-con e-child\" data-id=\"106065e\" data-element_type=\"container\" data-settings=\"{&quot;background_background&quot;:&quot;classic&quot;}\">\n\t\t\t\t<div class=\"elementor-element elementor-element-fc760f7 elementor-widget elementor-widget-heading\" data-id=\"fc760f7\" data-element_type=\"widget\" data-widget_type=\"heading.default\">\n\t\t\t\t<div class=\"elementor-widget-container\">\n\t\t\t<style>\/*! elementor - v3.21.0 - 08-05-2024 *\/\n.elementor-heading-title{padding:0;margin:0;line-height:1}.elementor-widget-heading .elementor-heading-title[class*=elementor-size-]>a{color:inherit;font-size:inherit;line-height:inherit}.elementor-widget-heading .elementor-heading-title.elementor-size-small{font-size:15px}.elementor-widget-heading .elementor-heading-title.elementor-size-medium{font-size:19px}.elementor-widget-heading .elementor-heading-title.elementor-size-large{font-size:29px}.elementor-widget-heading .elementor-heading-title.elementor-size-xl{font-size:39px}.elementor-widget-heading .elementor-heading-title.elementor-size-xxl{font-size:59px}<\/style><h2 class=\"elementor-heading-title elementor-size-default\">Sitemap<\/h2>\t\t<\/div>\n\t\t\t\t<\/div>\n\t\t\t\t<div class=\"elementor-element elementor-element-e5b11eb elementor-widget__width-auto elementor-icon-list--layout-inline elementor-list-item-link-full_width elementor-widget elementor-widget-icon-list\" data-id=\"e5b11eb\" data-element_type=\"widget\" data-widget_type=\"icon-list.default\">\n\t\t\t\t<div class=\"elementor-widget-container\">\n\t\t\t<link rel=\"stylesheet\" href=\"https:\/\/charlyhayoz.ch\/wp-content\/plugins\/elementor\/assets\/css\/widget-icon-list.min.css\">\t\t<ul class=\"elementor-icon-list-items elementor-inline-items\">\n\t\t\t\t\t\t\t<li class=\"elementor-icon-list-item elementor-inline-item\">\n\t\t\t\t\t\t\t\t\t\t\t<a href=\"https:\/\/charlyhayoz.ch\/en\">\n\n\t\t\t\t\t\t\t\t\t\t\t<span class=\"elementor-icon-list-text\">Accueil<\/span>\n\t\t\t\t\t\t\t\t\t\t\t<\/a>\n\t\t\t\t\t\t\t\t\t<\/li>\n\t\t\t\t\t\t\t\t<li class=\"elementor-icon-list-item elementor-inline-item\">\n\t\t\t\t\t\t\t\t\t\t\t<a href=\"https:\/\/charlyhayoz.ch\/en\/sitemap\/\">\n\n\t\t\t\t\t\t\t\t\t\t\t\t<span class=\"elementor-icon-list-icon\">\n\t\t\t\t\t\t\t<svg aria-hidden=\"true\" class=\"e-font-icon-svg e-fas-arrow-circle-right\" viewBox=\"0 0 512 512\" xmlns=\"http:\/\/www.w3.org\/2000\/svg\"><path d=\"M256 8c137 0 248 111 248 248S393 504 256 504 8 393 8 256 119 8 256 8zm-28.9 143.6l75.5 72.4H120c-13.3 0-24 10.7-24 24v16c0 13.3 10.7 24 24 24h182.6l-75.5 72.4c-9.7 9.3-9.9 24.8-.4 34.3l11 10.9c9.4 9.4 24.6 9.4 33.9 0L404.3 273c9.4-9.4 9.4-24.6 0-33.9L271.6 106.3c-9.4-9.4-24.6-9.4-33.9 0l-11 10.9c-9.5 9.6-9.3 25.1.4 34.4z\"><\/path><\/svg>\t\t\t\t\t\t<\/span>\n\t\t\t\t\t\t\t\t\t\t<span class=\"elementor-icon-list-text\">Sitemap<\/span>\n\t\t\t\t\t\t\t\t\t\t\t<\/a>\n\t\t\t\t\t\t\t\t\t<\/li>\n\t\t\t\t\t\t<\/ul>\n\t\t\t\t<\/div>\n\t\t\t\t<\/div>\n\t\t\t\t<\/div>\n\t\t\t\t\t<\/div>\n\t\t\t\t<\/div>\n\t\t<div class=\"elementor-element elementor-element-23dd8a1 e-flex e-con-boxed e-con e-parent\" data-id=\"23dd8a1\" data-element_type=\"container\">\n\t\t\t\t\t<div class=\"e-con-inner\">\n\t\t\t\t<div class=\"elementor-element elementor-element-98cd263 elementor-widget elementor-widget-sitemap\" data-id=\"98cd263\" data-element_type=\"widget\" data-widget_type=\"sitemap.default\">\n\t\t\t\t<div class=\"elementor-widget-container\">\n\t\t\t<link rel=\"stylesheet\" href=\"https:\/\/charlyhayoz.ch\/wp-content\/plugins\/elementor-pro\/assets\/css\/widget-theme-elements.min.css\"><div class=\"elementor-sitemap-wrap\"><div class=\"elementor-sitemap-section\"><h2 class=\"elementor-sitemap-title elementor-sitemap-page-title\">Pages<\/h2><ul class=\"elementor-sitemap-list elementor-sitemap-page-list\"><li class=\"elementor-sitemap-item elementor-sitemap-item-page page_item page-item-32403\"><a href=\"https:\/\/charlyhayoz.ch\/en\/cybersecurite-ia\/\">Cybers\u00e9curit\u00e9 IA : ma\u00eetriser les risques de vos mod\u00e8les IA<\/a><\/li><li class=\"elementor-sitemap-item elementor-sitemap-item-page page_item page-item-32368\"><a href=\"https:\/\/charlyhayoz.ch\/en\/embedding-knowledge-graph-la-recherche-semantique-facile\/\">La recherche s\u00e9mantique facile : Embedding &#038; Knowledge Graph<\/a><\/li><li class=\"elementor-sitemap-item elementor-sitemap-item-page page_item page-item-32304\"><a href=\"https:\/\/charlyhayoz.ch\/en\/edge-ai-intelligence-artificielle-locale\/\">Edge AI \u2013 L\u2019intelligence artificielle locale pour optimiser vos co\u00fbts<\/a><\/li><li class=\"elementor-sitemap-item elementor-sitemap-item-page page_item page-item-32248\"><a href=\"https:\/\/charlyhayoz.ch\/en\/deploiement-model-ia-mise-en-production\/\">D\u00e9ploiement de mod\u00e8les IA &#8211; Mise en production de vos mod\u00e8les<\/a><\/li><li class=\"elementor-sitemap-item elementor-sitemap-item-page page_item page-item-32244\"><a href=\"https:\/\/charlyhayoz.ch\/en\/rag-retrieval-augmented-generation\/\">Exploitez vos bases documentaires avec la technologie RAG<\/a><\/li><li class=\"elementor-sitemap-item elementor-sitemap-item-page page_item page-item-32240\"><a href=\"https:\/\/charlyhayoz.ch\/en\/machine-learning-deep-learning\/\">Machine Learning &#038; Deep Learning \u2013 De l\u2019analyse \u00e0 l\u2019innovation<\/a><\/li><li class=\"elementor-sitemap-item elementor-sitemap-item-page page_item page-item-32226\"><a href=\"https:\/\/charlyhayoz.ch\/en\/entrainement-modeles-ia-fine-tuning\/\">Entra\u00eenement &#038; Fine\u2011Tuning de mod\u00e8les IA<\/a><\/li><li class=\"elementor-sitemap-item elementor-sitemap-item-page page_item page-item-32215\"><a href=\"https:\/\/charlyhayoz.ch\/en\/ai-agent-agentic-ai\/\">AI Agent &#038; Agentic AI &#8211; Consulting en Intelligence Artificielle<\/a><\/li><li class=\"elementor-sitemap-item elementor-sitemap-item-page page_item page-item-32209\"><a href=\"https:\/\/charlyhayoz.ch\/en\/developpement-intelligence-artificielle-pour-votre-entreprise\/\">D\u00e9veloppement d\u2019intelligence artificielle pour votre entreprise<\/a><\/li><li class=\"elementor-sitemap-item elementor-sitemap-item-page page_item page-item-32132\"><a href=\"https:\/\/charlyhayoz.ch\/en\/tarifs-consultant-ia\/\">Tarifs &amp; prestations \u2013 Solutions IA sur mesure<\/a><\/li><li class=\"elementor-sitemap-item elementor-sitemap-item-page page_item page-item-504\"><a href=\"https:\/\/charlyhayoz.ch\/en\/prendre-rendez-vous\/\">Prendre rendez-vous \u2013 \u00c9change exploratoire autour de votre projet IA<\/a><\/li><li class=\"elementor-sitemap-item elementor-sitemap-item-page page_item page-item-502\"><a href=\"https:\/\/charlyhayoz.ch\/en\/sitemap\/\">Plan du site \u2013 Navigation compl\u00e8te de votre exp\u00e9rience IA<\/a><\/li><li class=\"elementor-sitemap-item elementor-sitemap-item-page page_item page-item-500\"><a href=\"https:\/\/charlyhayoz.ch\/en\/blog-intelligence-artificielle\/\">Articles &amp; Analyses \u2013 IA, LLM, Fine-Tuning et D\u00e9veloppement<\/a><\/li><li class=\"elementor-sitemap-item elementor-sitemap-item-page page_item page-item-489\"><a href=\"https:\/\/charlyhayoz.ch\/en\/a-propos-charly\/\">\u00c0 propos \u2013 Charly, consultant en IA, LLM &amp; Deep Learning<\/a><\/li><li class=\"elementor-sitemap-item elementor-sitemap-item-page page_item page-item-440\"><a href=\"https:\/\/charlyhayoz.ch\/en\/realisations\/\">R\u00e9alisations \u2013 Projets IA, LLM &amp; D\u00e9veloppement sur mesure<\/a><\/li><li class=\"elementor-sitemap-item elementor-sitemap-item-page page_item page-item-23\"><a href=\"https:\/\/charlyhayoz.ch\/en\/contact\/\">Contact \u2013 Discutons de votre projet IA<\/a><\/li><li class=\"elementor-sitemap-item elementor-sitemap-item-page page_item page-item-17\"><a href=\"https:\/\/charlyhayoz.ch\/en\/\">Charly Hayoz \u2013 Intelligence Artificielle &#038; Cybers\u00e9curit\u00e9<\/a><\/li><\/ul><\/div><div class=\"elementor-sitemap-section\"><h2 class=\"elementor-sitemap-title elementor-sitemap-category-title\">Categories<\/h2><ul class=\"elementor-sitemap-list elementor-sitemap-category-list\">\t<li class=\"elementor-sitemap-item elementor-sitemap-item-category cat-item cat-item-33\"><a href=\"https:\/\/charlyhayoz.ch\/en\/articles\/category\/developpement-realite-virtuelle-augmentee-3d\/\">R\u00e9alit\u00e9 augment\u00e9e, virtuelle &amp; 3D<\/a>\n<\/li>\n\t<li class=\"elementor-sitemap-item elementor-sitemap-item-category cat-item cat-item-59\"><a href=\"https:\/\/charlyhayoz.ch\/en\/articles\/category\/project\/\">Projets<\/a>\n<\/li>\n\t<li class=\"elementor-sitemap-item elementor-sitemap-item-category cat-item cat-item-65\"><a href=\"https:\/\/charlyhayoz.ch\/en\/articles\/category\/intelligence-artificielle\/\">Intelligence artificielle<\/a>\n<\/li>\n\t<li class=\"elementor-sitemap-item elementor-sitemap-item-category cat-item cat-item-60\"><a href=\"https:\/\/charlyhayoz.ch\/en\/articles\/category\/development-logiciel\/\">D\u00e9veloppement logiciel<\/a>\n<\/li>\n\t<li class=\"elementor-sitemap-item elementor-sitemap-item-category cat-item cat-item-61\"><a href=\"https:\/\/charlyhayoz.ch\/en\/articles\/category\/design\/\">Design<\/a>\n<\/li>\n\t<li class=\"elementor-sitemap-item elementor-sitemap-item-category cat-item cat-item-75\"><a href=\"https:\/\/charlyhayoz.ch\/en\/articles\/category\/cybersecurite\/\">Cybers\u00e9curit\u00e9<\/a>\n<\/li>\n\t<li class=\"elementor-sitemap-item elementor-sitemap-item-category cat-item cat-item-69\"><a href=\"https:\/\/charlyhayoz.ch\/en\/articles\/category\/blockchain\/\">Blockchain<\/a>\n<\/li>\n\t<li class=\"elementor-sitemap-item elementor-sitemap-item-category cat-item cat-item-55\"><a href=\"https:\/\/charlyhayoz.ch\/en\/articles\/category\/articles\/\">Articles<\/a>\n<\/li>\n\t<li class=\"elementor-sitemap-item elementor-sitemap-item-category cat-item cat-item-62\"><a href=\"https:\/\/charlyhayoz.ch\/en\/articles\/category\/web\/\">Application web<\/a>\n<\/li>\n\t<li class=\"elementor-sitemap-item elementor-sitemap-item-category cat-item cat-item-63\"><a href=\"https:\/\/charlyhayoz.ch\/en\/articles\/category\/mobile\/\">Application mobile<\/a>\n<\/li>\n\t<li class=\"elementor-sitemap-item elementor-sitemap-item-category cat-item cat-item-64\"><a href=\"https:\/\/charlyhayoz.ch\/en\/articles\/category\/developpement-application-bureau\/\">Application de bureau<\/a>\n<\/li>\n<\/ul><\/div><div class=\"elementor-sitemap-section\"><h2 class=\"elementor-sitemap-title elementor-sitemap-post-title\">Articles<\/h2><ul class=\"elementor-sitemap-list elementor-sitemap-post-list\"><li class=\"elementor-sitemap-item elementor-sitemap-item-post page_item page-item-32685\"><a href=\"https:\/\/charlyhayoz.ch\/en\/articles\/breaking-the-machine-real-world-examples-of-attacks-on-llms-and-mcp-tools\/\">Breaking the Machine: Real\u2011World Examples of Attacks on LLMs and MCP tools<\/a><\/li><li class=\"elementor-sitemap-item elementor-sitemap-item-post page_item page-item-32427\"><a href=\"https:\/\/charlyhayoz.ch\/en\/articles\/comment-hacker-chatgpt\/\">Comment hacker ChatGpt ?<\/a><\/li><li class=\"elementor-sitemap-item elementor-sitemap-item-post page_item page-item-32184\"><a href=\"https:\/\/charlyhayoz.ch\/en\/articles\/ai-powered-phising-detection-how-to-unmask-the-outliers\/\">AI-Powered Phising Detection : How to unmask the outliers ?<\/a><\/li><li class=\"elementor-sitemap-item elementor-sitemap-item-post page_item page-item-32057\"><a href=\"https:\/\/charlyhayoz.ch\/en\/articles\/comment-detecter-des-images-modifiees-ou-generees-par-lia\/\">Comment d\u00e9tecter des images modifi\u00e9es ou g\u00e9n\u00e9r\u00e9es par l&rsquo;IA<\/a><\/li><li class=\"elementor-sitemap-item elementor-sitemap-item-post page_item page-item-31798\"><a href=\"https:\/\/charlyhayoz.ch\/en\/articles\/kimbocare-democratiser-lacces-a-la-sante-pour-tous\/\">KimboCare &#8211; D\u00e9mocratiser l&rsquo;acc\u00e8s \u00e0 la sant\u00e9 pour tous<\/a><\/li><li class=\"elementor-sitemap-item elementor-sitemap-item-post page_item page-item-31790\"><a href=\"https:\/\/charlyhayoz.ch\/en\/articles\/opensynaps-lhypnotherapie-combinee-a-lintelligence-artificielle\/\">OpenSynaps &#8211; L&rsquo;hypnoth\u00e9rapie combin\u00e9e \u00e0 l&rsquo;intelligence artificielle<\/a><\/li><li class=\"elementor-sitemap-item elementor-sitemap-item-post page_item page-item-31794\"><a href=\"https:\/\/charlyhayoz.ch\/en\/articles\/loveflame-lintelligence-artificielle-au-service-du-couple\/\">LoveFlame &#8211; L&rsquo;intelligence artificielle au service du couple<\/a><\/li><li class=\"elementor-sitemap-item elementor-sitemap-item-post page_item page-item-31792\"><a href=\"https:\/\/charlyhayoz.ch\/en\/articles\/hublaw-la-loi-pour-tous-plateforme-web-et-mobile\/\">HubLaw &#8211; L&rsquo;IA au service de la loi<\/a><\/li><li class=\"elementor-sitemap-item elementor-sitemap-item-post page_item page-item-31796\"><a href=\"https:\/\/charlyhayoz.ch\/en\/articles\/selection-conseils-tests-psychologiques-automatises\/\">S\u00e9lection &amp; Conseils &#8211; Tests psychologiques automatis\u00e9s<\/a><\/li><li class=\"elementor-sitemap-item elementor-sitemap-item-post page_item page-item-30259\"><a href=\"https:\/\/charlyhayoz.ch\/en\/articles\/volfon-realite-virtuelle-analyse-de-mouvements\/\">Volfon &#8211; Application d&rsquo;analyse de mouvements<\/a><\/li><li class=\"elementor-sitemap-item elementor-sitemap-item-post page_item page-item-30237\"><a href=\"https:\/\/charlyhayoz.ch\/en\/articles\/vr-elud-plateforme-deducation\/\">ELUD &#8211; L&rsquo;\u00e9ducation automatis\u00e9e<\/a><\/li><\/ul><\/div><\/div>\t\t<\/div>\n\t\t\t\t<\/div>\n\t\t\t\t\t<\/div>\n\t\t\t\t<\/div>\n\t\t\t\t<\/div>\n\t\t","protected":false},"excerpt":{"rendered":"<p>Sitemap Home Sitemap<\/p>","protected":false},"author":1,"featured_media":478,"parent":0,"menu_order":0,"comment_status":"closed","ping_status":"closed","template":"elementor_header_footer","meta":{"footnotes":""},"class_list":["post-502","page","type-page","status-publish","has-post-thumbnail","hentry"],"yoast_head":"<!-- This site is optimized with the Yoast SEO Premium plugin v23.2 (Yoast SEO v23.2) - https:\/\/yoast.com\/wordpress\/plugins\/seo\/ -->\n<title>Plan du site \u2013 Navigation compl\u00e8te de votre exp\u00e9rience IA<\/title>\n<meta name=\"description\" content=\"D\u00e9couvrez l\u2019ensemble des pages et contenus disponibles sur le site : services en intelligence artificielle, articles techniques, pr\u00e9sentation, contact et plus encore. Acc\u00e9dez rapidement \u00e0 ce qui vous int\u00e9resse.\" \/>\n<meta name=\"robots\" content=\"index, follow, max-snippet:-1, max-image-preview:large, max-video-preview:-1\" \/>\n<link rel=\"canonical\" href=\"https:\/\/charlyhayoz.ch\/en\/sitemap\/\" \/>\n<meta property=\"og:locale\" content=\"en_US\" \/>\n<meta property=\"og:type\" content=\"article\" \/>\n<meta property=\"og:title\" content=\"Plan du site \u2013 Navigation compl\u00e8te de votre exp\u00e9rience IA\" \/>\n<meta property=\"og:description\" content=\"D\u00e9couvrez l\u2019ensemble des pages et contenus disponibles sur le site : services en intelligence artificielle, articles techniques, pr\u00e9sentation, contact et plus encore. Acc\u00e9dez rapidement \u00e0 ce qui vous int\u00e9resse.\" \/>\n<meta property=\"og:url\" content=\"https:\/\/charlyhayoz.ch\/en\/sitemap\/\" \/>\n<meta property=\"og:site_name\" content=\"Solutions IA sur mesure \u2013 Charly, expert en LLM &amp; Deep Learning\" \/>\n<meta property=\"article:modified_time\" content=\"2025-09-09T15:32:53+00:00\" \/>\n<meta property=\"og:image\" content=\"https:\/\/charlyhayoz.ch\/wp-content\/uploads\/2024\/09\/meeting.jpg\" \/>\n\t<meta property=\"og:image:width\" content=\"1920\" \/>\n\t<meta property=\"og:image:height\" content=\"1280\" \/>\n\t<meta property=\"og:image:type\" content=\"image\/jpeg\" \/>\n<meta name=\"twitter:card\" content=\"summary_large_image\" \/>\n<meta name=\"twitter:title\" content=\"Plan du site \u2013 Navigation compl\u00e8te de votre exp\u00e9rience IA\" \/>\n<meta name=\"twitter:description\" content=\"D\u00e9couvrez l\u2019ensemble des pages et contenus disponibles sur le site : services en intelligence artificielle, articles techniques, pr\u00e9sentation, contact et plus encore. Acc\u00e9dez rapidement \u00e0 ce qui vous int\u00e9resse.\" \/>\n<meta name=\"twitter:label1\" content=\"Est. reading time\" \/>\n\t<meta name=\"twitter:data1\" content=\"1 minute\" \/>\n<script type=\"application\/ld+json\" class=\"yoast-schema-graph\">{\"@context\":\"https:\/\/schema.org\",\"@graph\":[{\"@type\":\"WebPage\",\"@id\":\"https:\/\/charlyhayoz.ch\/sitemap\/\",\"url\":\"https:\/\/charlyhayoz.ch\/sitemap\/\",\"name\":\"Plan du site \u2013 Navigation compl\u00e8te de votre exp\u00e9rience IA\",\"isPartOf\":{\"@id\":\"https:\/\/charlyhayoz.ch\/#website\"},\"primaryImageOfPage\":{\"@id\":\"https:\/\/charlyhayoz.ch\/sitemap\/#primaryimage\"},\"image\":{\"@id\":\"https:\/\/charlyhayoz.ch\/sitemap\/#primaryimage\"},\"thumbnailUrl\":\"https:\/\/charlyhayoz.ch\/wp-content\/uploads\/2024\/09\/meeting.jpg\",\"datePublished\":\"2024-09-18T15:36:18+00:00\",\"dateModified\":\"2025-09-09T15:32:53+00:00\",\"description\":\"D\u00e9couvrez l\u2019ensemble des pages et contenus disponibles sur le site : services en intelligence artificielle, articles techniques, pr\u00e9sentation, contact et plus encore. Acc\u00e9dez rapidement \u00e0 ce qui vous int\u00e9resse.\",\"breadcrumb\":{\"@id\":\"https:\/\/charlyhayoz.ch\/sitemap\/#breadcrumb\"},\"inLanguage\":\"en-US\",\"potentialAction\":[{\"@type\":\"ReadAction\",\"target\":[\"https:\/\/charlyhayoz.ch\/sitemap\/\"]}]},{\"@type\":\"ImageObject\",\"inLanguage\":\"en-US\",\"@id\":\"https:\/\/charlyhayoz.ch\/sitemap\/#primaryimage\",\"url\":\"https:\/\/charlyhayoz.ch\/wp-content\/uploads\/2024\/09\/meeting.jpg\",\"contentUrl\":\"https:\/\/charlyhayoz.ch\/wp-content\/uploads\/2024\/09\/meeting.jpg\",\"width\":1920,\"height\":1280,\"caption\":\"D\u00e9veloppement d'application web, mobile et +\"},{\"@type\":\"BreadcrumbList\",\"@id\":\"https:\/\/charlyhayoz.ch\/sitemap\/#breadcrumb\",\"itemListElement\":[{\"@type\":\"ListItem\",\"position\":1,\"name\":\"Accueil\",\"item\":\"https:\/\/charlyhayoz.ch\/\"},{\"@type\":\"ListItem\",\"position\":2,\"name\":\"Plan du site \u2013 Navigation compl\u00e8te de votre exp\u00e9rience IA\"}]},{\"@type\":\"WebSite\",\"@id\":\"https:\/\/charlyhayoz.ch\/#website\",\"url\":\"https:\/\/charlyhayoz.ch\/\",\"name\":\"Charly Hayoz\",\"description\":\"Ma seule limite, votre imagination\",\"publisher\":{\"@id\":\"https:\/\/charlyhayoz.ch\/#\/schema\/person\/3e574e6e75374de64cc525e08ac89233\"},\"potentialAction\":[{\"@type\":\"SearchAction\",\"target\":{\"@type\":\"EntryPoint\",\"urlTemplate\":\"https:\/\/charlyhayoz.ch\/?s={search_term_string}\"},\"query-input\":\"required name=search_term_string\"}],\"inLanguage\":\"en-US\"},{\"@type\":[\"Person\",\"Organization\"],\"@id\":\"https:\/\/charlyhayoz.ch\/#\/schema\/person\/3e574e6e75374de64cc525e08ac89233\",\"name\":\"charly.hayoz\",\"image\":{\"@type\":\"ImageObject\",\"inLanguage\":\"en-US\",\"@id\":\"https:\/\/charlyhayoz.ch\/#\/schema\/person\/image\/\",\"url\":\"https:\/\/charlyhayoz.ch\/wp-content\/uploads\/2021\/09\/LogoComplet@1.5x.png\",\"contentUrl\":\"https:\/\/charlyhayoz.ch\/wp-content\/uploads\/2021\/09\/LogoComplet@1.5x.png\",\"width\":145,\"height\":43,\"caption\":\"charly.hayoz\"},\"logo\":{\"@id\":\"https:\/\/charlyhayoz.ch\/#\/schema\/person\/image\/\"},\"sameAs\":[\"https:\/\/charlyhayoz.ch\"]}]}<\/script>\n<!-- \/ Yoast SEO Premium plugin. -->","yoast_head_json":{"title":"Site map - Complete navigation of your IA experience","description":"Discover all the pages and content available on the site: artificial intelligence services, technical articles, presentation, contact and more. Get quick access to what interests you.","robots":{"index":"index","follow":"follow","max-snippet":"max-snippet:-1","max-image-preview":"max-image-preview:large","max-video-preview":"max-video-preview:-1"},"canonical":"https:\/\/charlyhayoz.ch\/en\/sitemap\/","og_locale":"en_US","og_type":"article","og_title":"Plan du site \u2013 Navigation compl\u00e8te de votre exp\u00e9rience IA","og_description":"D\u00e9couvrez l\u2019ensemble des pages et contenus disponibles sur le site : services en intelligence artificielle, articles techniques, pr\u00e9sentation, contact et plus encore. Acc\u00e9dez rapidement \u00e0 ce qui vous int\u00e9resse.","og_url":"https:\/\/charlyhayoz.ch\/en\/sitemap\/","og_site_name":"Solutions IA sur mesure \u2013 Charly, expert en LLM &amp; Deep Learning","article_modified_time":"2025-09-09T15:32:53+00:00","og_image":[{"width":1920,"height":1280,"url":"https:\/\/charlyhayoz.ch\/wp-content\/uploads\/2024\/09\/meeting.jpg","type":"image\/jpeg"}],"twitter_card":"summary_large_image","twitter_title":"Plan du site \u2013 Navigation compl\u00e8te de votre exp\u00e9rience IA","twitter_description":"D\u00e9couvrez l\u2019ensemble des pages et contenus disponibles sur le site : services en intelligence artificielle, articles techniques, pr\u00e9sentation, contact et plus encore. Acc\u00e9dez rapidement \u00e0 ce qui vous int\u00e9resse.","twitter_misc":{"Est. reading time":"1 minute"},"schema":{"@context":"https:\/\/schema.org","@graph":[{"@type":"WebPage","@id":"https:\/\/charlyhayoz.ch\/sitemap\/","url":"https:\/\/charlyhayoz.ch\/sitemap\/","name":"Site map - Complete navigation of your IA experience","isPartOf":{"@id":"https:\/\/charlyhayoz.ch\/#website"},"primaryImageOfPage":{"@id":"https:\/\/charlyhayoz.ch\/sitemap\/#primaryimage"},"image":{"@id":"https:\/\/charlyhayoz.ch\/sitemap\/#primaryimage"},"thumbnailUrl":"https:\/\/charlyhayoz.ch\/wp-content\/uploads\/2024\/09\/meeting.jpg","datePublished":"2024-09-18T15:36:18+00:00","dateModified":"2025-09-09T15:32:53+00:00","description":"Discover all the pages and content available on the site: artificial intelligence services, technical articles, presentation, contact and more. Get quick access to what interests you.","breadcrumb":{"@id":"https:\/\/charlyhayoz.ch\/sitemap\/#breadcrumb"},"inLanguage":"en-US","potentialAction":[{"@type":"ReadAction","target":["https:\/\/charlyhayoz.ch\/sitemap\/"]}]},{"@type":"ImageObject","inLanguage":"en-US","@id":"https:\/\/charlyhayoz.ch\/sitemap\/#primaryimage","url":"https:\/\/charlyhayoz.ch\/wp-content\/uploads\/2024\/09\/meeting.jpg","contentUrl":"https:\/\/charlyhayoz.ch\/wp-content\/uploads\/2024\/09\/meeting.jpg","width":1920,"height":1280,"caption":"D\u00e9veloppement d'application web, mobile et +"},{"@type":"BreadcrumbList","@id":"https:\/\/charlyhayoz.ch\/sitemap\/#breadcrumb","itemListElement":[{"@type":"ListItem","position":1,"name":"Accueil","item":"https:\/\/charlyhayoz.ch\/"},{"@type":"ListItem","position":2,"name":"Plan du site \u2013 Navigation compl\u00e8te de votre exp\u00e9rience IA"}]},{"@type":"WebSite","@id":"https:\/\/charlyhayoz.ch\/#website","url":"https:\/\/charlyhayoz.ch\/","name":"Charly Hayoz","description":"My only limit is your imagination","publisher":{"@id":"https:\/\/charlyhayoz.ch\/#\/schema\/person\/3e574e6e75374de64cc525e08ac89233"},"potentialAction":[{"@type":"SearchAction","target":{"@type":"EntryPoint","urlTemplate":"https:\/\/charlyhayoz.ch\/?s={search_term_string}"},"query-input":"required name=search_term_string"}],"inLanguage":"en-US"},{"@type":["Person","Organization"],"@id":"https:\/\/charlyhayoz.ch\/#\/schema\/person\/3e574e6e75374de64cc525e08ac89233","name":"charly.hayoz","image":{"@type":"ImageObject","inLanguage":"en-US","@id":"https:\/\/charlyhayoz.ch\/#\/schema\/person\/image\/","url":"https:\/\/charlyhayoz.ch\/wp-content\/uploads\/2021\/09\/LogoComplet@1.5x.png","contentUrl":"https:\/\/charlyhayoz.ch\/wp-content\/uploads\/2021\/09\/LogoComplet@1.5x.png","width":145,"height":43,"caption":"charly.hayoz"},"logo":{"@id":"https:\/\/charlyhayoz.ch\/#\/schema\/person\/image\/"},"sameAs":["https:\/\/charlyhayoz.ch"]}]}},"_links":{"self":[{"href":"https:\/\/charlyhayoz.ch\/en\/wp-json\/wp\/v2\/pages\/502","targetHints":{"allow":["GET"]}}],"collection":[{"href":"https:\/\/charlyhayoz.ch\/en\/wp-json\/wp\/v2\/pages"}],"about":[{"href":"https:\/\/charlyhayoz.ch\/en\/wp-json\/wp\/v2\/types\/page"}],"author":[{"embeddable":true,"href":"https:\/\/charlyhayoz.ch\/en\/wp-json\/wp\/v2\/users\/1"}],"replies":[{"embeddable":true,"href":"https:\/\/charlyhayoz.ch\/en\/wp-json\/wp\/v2\/comments?post=502"}],"version-history":[{"count":8,"href":"https:\/\/charlyhayoz.ch\/en\/wp-json\/wp\/v2\/pages\/502\/revisions"}],"predecessor-version":[{"id":32197,"href":"https:\/\/charlyhayoz.ch\/en\/wp-json\/wp\/v2\/pages\/502\/revisions\/32197"}],"wp:featuredmedia":[{"embeddable":true,"href":"https:\/\/charlyhayoz.ch\/en\/wp-json\/wp\/v2\/media\/478"}],"wp:attachment":[{"href":"https:\/\/charlyhayoz.ch\/en\/wp-json\/wp\/v2\/media?parent=502"}],"curies":[{"name":"wp","href":"https:\/\/api.w.org\/{rel}","templated":true}]}}